{"id":213,"date":"2021-08-01T20:54:41","date_gmt":"2021-08-01T18:54:41","guid":{"rendered":"https:\/\/anderiemeyer.wordpress.com\/?page_id=213"},"modified":"2023-06-14T10:12:36","modified_gmt":"2023-06-14T10:12:36","slug":"rechtliches-und-quellen","status":"publish","type":"page","link":"https:\/\/dein-lehrer.de\/en\/rechtliches-und-quellen\/","title":{"rendered":"Quellen und Impressum"},"content":{"rendered":"<div style=\"height:74px\" aria-hidden=\"true\" class=\"wp-block-spacer\"><\/div>\n\n\n\n<h4 class=\"wp-block-heading\">Quellenangaben<\/h4>\n\n\n\n<div style=\"height:24px\" aria-hidden=\"true\" class=\"wp-block-spacer\"><\/div>\n\n\n\n<p>Alle auf dieser Seite verwendeten Bilder, abgesehen von den pers\u00f6nlichen Fotografien des Betreibers, stammen von vecteezy.com.<\/p>\n\n\n\n<div style=\"height:49px\" aria-hidden=\"true\" class=\"wp-block-spacer\"><\/div>\n\n\n\n<h4 class=\"wp-block-heading\">Impressum<\/h4>\n\n\n\n<div style=\"height:24px\" aria-hidden=\"true\" class=\"wp-block-spacer\"><\/div>\n\n\n\n<p>Angaben gem\u00e4\u00df \u00a7 5 TMG<\/p>\n\n\n\n<p>Bastien Anderie-Meyer<br>Reclamstr. 31<br>04315 Leipzig<br><\/p>\n\n\n\n<p><strong>Kontakt:<\/strong><br>Telefon: 0049 (0)1628704177<br>E-Mail: Kontakt@Dein-Lehrer.de<\/p>\n\n\n\n<p><strong>Steuernummer:<\/strong><br>23220108562<\/p>\n\n\n\n<div style=\"height:49px\" aria-hidden=\"true\" class=\"wp-block-spacer\"><\/div>\n\n\n\n<h4 class=\"wp-block-heading\"><strong>Haftungsausschluss<\/strong><\/h4>\n\n\n\n<div style=\"height:24px\" aria-hidden=\"true\" class=\"wp-block-spacer\"><\/div>\n\n\n\n<p class=\"has-text-align-justify\"><strong>Haftung f\u00fcr Inhalte<\/strong><br><br>Die Inhalte diesr Seite wurden mit gr\u00f6\u00dfter Sorgfalt erstellt. F\u00fcr die Richtigkeit, Vollst\u00e4ndigkeit und Aktualit\u00e4t der Inhalte \u00fcbernehme ich jedoch keine Gew\u00e4hr. Es besteht kein Anspruch auf die pr\u00e4sentierten Leistungen und Preise. Eine Zusammenarbeit zwischen mir und einem Kunden wie auch daf\u00fcr bindend geltende Preise entsehen erst durch ein pers\u00f6nlich geschlossenes Abkommen zwischen mir und dem Kunden. Als Diensteanbieter bin ich gem\u00e4\u00df \u00a7 7 Abs.1 TMG f\u00fcr eigene Inhalte auf diesen Seiten nach den allgemeinen Gesetzen verantwortlich. Nach \u00a7\u00a7 8 bis 10 TMG bin ich als Diensteanbieter jedoch nicht verpflichtet, \u00fcbermittelte oder gespeicherte fremde Informationen zu \u00fcberwachen oder nach Umst\u00e4nden zu forschen, die auf eine rechtswidrige T\u00e4tigkeit hinweisen. Ich hafte nicht f\u00fcr Sch\u00e4den materieller oder ideeller Art, welche durch die Nutzung oder Nichtnutzung der dargebotenen Informationen entstehen. Verpflichtungen zur Entfernung oder Sperrung der Nutzung von Informationen nach den allgemeinen Gesetzen bleiben hiervon unber\u00fchrt. Eine diesbez\u00fcgliche Haftung ist jedoch erst ab dem Zeitpunkt der Kenntnis einer konkreten Rechtsverletzung m\u00f6glich. Bei Bekanntwerden von entsprechenden Rechtsverletzungen werde ich entsprechende Inhalte umgehend entfernen.<\/p>\n\n\n\n<p class=\"has-text-align-justify\"><strong>Haftung f\u00fcr Links und Verweise<\/strong><br><br>Bei Verweisen auf oder Links zu externen Angeboten und\/oder Webseiten Dritter, auf deren Inhalte ich keinen Einfluss habe, kann ich keine Gew\u00e4hr \u00fcbernehmen. F\u00fcr die Inhalte der verlinkten Seiten ist stets und alleinstehend der jeweilige Anbieter oder Betreiber der Seiten verantwortlich. Die verlinkten Seiten wurden zum Zeitpunkt der Verlinkung auf m\u00f6gliche Rechtsverst\u00f6\u00dfe \u00fcberpr\u00fcft. Rechtswidrige Inhalte waren zum Zeitpunkt der Verlinkung nicht erkennbar. Eine permanente inhaltliche Kontrolle der verlinkten Seiten ist jedoch ohne konkrete Anhaltspunkte einer Rechtsverletzung nicht zumutbar. Bei Bekanntwerden von Rechtsverletzungen werde ich derartige Links umgehend entfernen.<br><br><strong>Urheberrecht<\/strong><br><br>Die durch die Seitenbetreiber erstellten Inhalte und Werke auf diesen Seiten unterliegen dem deutschen Urheberrecht. Die Vervielf\u00e4ltigung, Bearbeitung, Verbreitung und jede Art der Verwertung au\u00dferhalb der Grenzen des Urheberrechtes bed\u00fcrfen meiner schriftlichen Zustimmung. Downloads, Kopien und Abwandlungen dieser Seite, im Ganzen oder Ausschnittsweise, sind weder f\u00fcr den privaten, noch f\u00fcr den kommerziellen Gebrauch gestattet. Dies bezieht sich auf alle dargestellten Bilder, Grafiken und Texte. Soweit die Inhalte auf dieser Seite nicht vom Betreiber erstellt wurden, werden die Urheberrechte Dritter beachtet. Insbesondere werden Inhalte Dritter als solche gekennzeichnet. Bilder von Dritten sind in den Quellenangaben auf dieser Seite ausgewiesen. Sollten Sie trotzdem auf eine Urheberrechtsverletzung aufmerksam werden, bitte ich um einen entsprechenden Hinweis. Bei Bekanntwerden von Rechtsverletzungen werde ich derartige Inhalte umgehend entfernen.<br><br><strong>Data protection<\/strong><br><br>Die Nutzung meiner Webseite ist in der Regel ohne Angabe personenbezogener Daten m\u00f6glich. Soweit auf meiner Seite oder bei Kontaktaufnahme mit mir personenbezogene Daten (beispielsweise Name, Anschrift oder E-Mail-Adressen) erhoben werden, erfolgt dies ausdr\u00fccklich auf freiwilliger Basis des Nutzers. Diese Daten werden ohne Ihre ausdr\u00fcckliche Zustimmung nicht an Dritte weitergegeben. Ich weise darauf hin, dass die Daten\u00fcbertragung im Internet (z. B. bei der Kommunikation per E-Mail) Sicherheitsl\u00fccken aufweisen kann. Ein l\u00fcckenloser Schutz der Daten vor dem Zugriff durch Dritte ist nicht m\u00f6glich.<br>Der Nutzung von im Rahmen der Impressumspflicht ver\u00f6ffentlichten Kontaktdaten durch Dritte zur \u00dcbersendung von nicht ausdr\u00fccklich angeforderter Werbung und Informationsmaterialien wird hiermit ausdr\u00fccklich widersprochen. Der Betreiber der Seite beh\u00e4lt sich ausdr\u00fccklich rechtliche Schritte im Falle der unverlangten Zusendung von Werbeinformationen, etwa durch Spam-Mails, vor.<\/p>\n\n\n\n<p><strong>Rechtswirksamkeit des Haftungsausschusses<\/strong><\/p>\n\n\n\n<p class=\"has-text-align-justify\">Sollten Abschnitte dieses Haftungsausschluss nicht oder nicht vollst\u00e4ndig der geltenden Rechtslage entsprechen, bleiben die \u00fcbrigen Teile des Dokumentes in ihrem Inhalt, ihrer G\u00fcltigkeit, und ihrem Bezug auf die auf dieser Webseite pr\u00e4sentierten Inhalte und Angebote davon unber\u00fchrt.<\/p>\n\n\n\n<div style=\"height:62px\" aria-hidden=\"true\" class=\"wp-block-spacer\"><\/div>","protected":false},"excerpt":{"rendered":"<p>Quellenangaben Alle auf dieser Seite verwendeten Bilder, abgesehen von den pers\u00f6nlichen Fotografien des Betreibers, stammen von vecteezy.com. Impressum Angaben gem\u00e4\u00df \u00a7 5 TMG Bastien Anderie-MeyerReclamstr. 3104315 Leipzig Kontakt:Telefon: 0049 (0)1628704177E-Mail: Kontakt@Dein-Lehrer.de Steuernummer:23220108562 Haftungsausschluss Haftung f\u00fcr Inhalte Die Inhalte diesr Seite wurden mit gr\u00f6\u00dfter Sorgfalt erstellt. F\u00fcr die Richtigkeit, Vollst\u00e4ndigkeit und Aktualit\u00e4t der Inhalte \u00fcbernehme ich&#8230; <\/p>\n<div class=\"link-more\"><a href=\"https:\/\/dein-lehrer.de\/en\/rechtliches-und-quellen\/\">Read More<\/a><\/div>","protected":false},"author":1,"featured_media":0,"parent":0,"menu_order":0,"comment_status":"closed","ping_status":"closed","template":"","meta":{"footnotes":""},"class_list":["post-213","page","type-page","status-publish","hentry"],"yoast_head":"<!-- This site is optimized with the Yoast SEO plugin v27.4 - https:\/\/yoast.com\/product\/yoast-seo-wordpress\/ -->\n<title>Dein Lehrer - Quellen und Impressum<\/title>\n<meta name=\"description\" content=\"Impressum.\" \/>\n<meta name=\"robots\" content=\"noindex, nofollow\" \/>\n<meta property=\"og:locale\" content=\"en_GB\" \/>\n<meta property=\"og:type\" content=\"article\" \/>\n<meta property=\"og:title\" content=\"Dein Lehrer - Quellen und Impressum\" \/>\n<meta property=\"og:description\" content=\"Impressum.\" \/>\n<meta property=\"og:url\" content=\"https:\/\/dein-lehrer.de\/en\/rechtliches-und-quellen\/\" \/>\n<meta property=\"og:site_name\" content=\"Dein Lehrer\" \/>\n<meta property=\"article:modified_time\" content=\"2023-06-14T10:12:36+00:00\" \/>\n<meta name=\"twitter:card\" content=\"summary_large_image\" \/>\n<meta name=\"twitter:label1\" content=\"Estimated reading time\" \/>\n\t<meta name=\"twitter:data1\" content=\"4 minutes\" \/>\n<script type=\"application\/ld+json\" class=\"yoast-schema-graph\">{\"@context\":\"https:\\\/\\\/schema.org\",\"@graph\":[{\"@type\":\"WebPage\",\"@id\":\"https:\\\/\\\/dein-lehrer.de\\\/rechtliches-und-quellen\\\/\",\"url\":\"https:\\\/\\\/dein-lehrer.de\\\/rechtliches-und-quellen\\\/\",\"name\":\"Dein Lehrer - Quellen und Impressum\",\"isPartOf\":{\"@id\":\"https:\\\/\\\/dein-lehrer.de\\\/#website\"},\"datePublished\":\"2021-08-01T18:54:41+00:00\",\"dateModified\":\"2023-06-14T10:12:36+00:00\",\"description\":\"Impressum.\",\"breadcrumb\":{\"@id\":\"https:\\\/\\\/dein-lehrer.de\\\/rechtliches-und-quellen\\\/#breadcrumb\"},\"inLanguage\":\"en-GB\",\"potentialAction\":[{\"@type\":\"ReadAction\",\"target\":[\"https:\\\/\\\/dein-lehrer.de\\\/rechtliches-und-quellen\\\/\"]}]},{\"@type\":\"BreadcrumbList\",\"@id\":\"https:\\\/\\\/dein-lehrer.de\\\/rechtliches-und-quellen\\\/#breadcrumb\",\"itemListElement\":[{\"@type\":\"ListItem\",\"position\":1,\"name\":\"Startseite\",\"item\":\"https:\\\/\\\/dein-lehrer.de\\\/\"},{\"@type\":\"ListItem\",\"position\":2,\"name\":\"Quellen und Impressum\"}]},{\"@type\":\"WebSite\",\"@id\":\"https:\\\/\\\/dein-lehrer.de\\\/#website\",\"url\":\"https:\\\/\\\/dein-lehrer.de\\\/\",\"name\":\"Dein Lehrer\",\"description\":\"Lektorat und Lehre\",\"publisher\":{\"@id\":\"https:\\\/\\\/dein-lehrer.de\\\/#organization\"},\"potentialAction\":[{\"@type\":\"SearchAction\",\"target\":{\"@type\":\"EntryPoint\",\"urlTemplate\":\"https:\\\/\\\/dein-lehrer.de\\\/?s={search_term_string}\"},\"query-input\":{\"@type\":\"PropertyValueSpecification\",\"valueRequired\":true,\"valueName\":\"search_term_string\"}}],\"inLanguage\":\"en-GB\"},{\"@type\":\"Organization\",\"@id\":\"https:\\\/\\\/dein-lehrer.de\\\/#organization\",\"name\":\"Dein Lehrer\",\"url\":\"https:\\\/\\\/dein-lehrer.de\\\/\",\"logo\":{\"@type\":\"ImageObject\",\"inLanguage\":\"en-GB\",\"@id\":\"https:\\\/\\\/dein-lehrer.de\\\/#\\\/schema\\\/logo\\\/image\\\/\",\"url\":\"https:\\\/\\\/dein-lehrer.de\\\/wp-content\\\/uploads\\\/2022\\\/01\\\/Dein-Lehrer_Dein-Lehrer_Ausbildung-Nachhilfe-Weiterbildung_Leipzig.png\",\"contentUrl\":\"https:\\\/\\\/dein-lehrer.de\\\/wp-content\\\/uploads\\\/2022\\\/01\\\/Dein-Lehrer_Dein-Lehrer_Ausbildung-Nachhilfe-Weiterbildung_Leipzig.png\",\"width\":1884,\"height\":1299,\"caption\":\"Dein Lehrer\"},\"image\":{\"@id\":\"https:\\\/\\\/dein-lehrer.de\\\/#\\\/schema\\\/logo\\\/image\\\/\"}}]}<\/script>\n<!-- \/ Yoast SEO plugin. -->","yoast_head_json":{"title":"Dein Lehrer - Quellen und Impressum","description":"Impressum.","robots":{"index":"noindex","follow":"nofollow"},"og_locale":"en_GB","og_type":"article","og_title":"Dein Lehrer - Quellen und Impressum","og_description":"Impressum.","og_url":"https:\/\/dein-lehrer.de\/en\/rechtliches-und-quellen\/","og_site_name":"Dein Lehrer","article_modified_time":"2023-06-14T10:12:36+00:00","twitter_card":"summary_large_image","twitter_misc":{"Estimated reading time":"4 minutes"},"schema":{"@context":"https:\/\/schema.org","@graph":[{"@type":"WebPage","@id":"https:\/\/dein-lehrer.de\/rechtliches-und-quellen\/","url":"https:\/\/dein-lehrer.de\/rechtliches-und-quellen\/","name":"Dein Lehrer - Quellen und Impressum","isPartOf":{"@id":"https:\/\/dein-lehrer.de\/#website"},"datePublished":"2021-08-01T18:54:41+00:00","dateModified":"2023-06-14T10:12:36+00:00","description":"Impressum.","breadcrumb":{"@id":"https:\/\/dein-lehrer.de\/rechtliches-und-quellen\/#breadcrumb"},"inLanguage":"en-GB","potentialAction":[{"@type":"ReadAction","target":["https:\/\/dein-lehrer.de\/rechtliches-und-quellen\/"]}]},{"@type":"BreadcrumbList","@id":"https:\/\/dein-lehrer.de\/rechtliches-und-quellen\/#breadcrumb","itemListElement":[{"@type":"ListItem","position":1,"name":"Startseite","item":"https:\/\/dein-lehrer.de\/"},{"@type":"ListItem","position":2,"name":"Quellen und Impressum"}]},{"@type":"WebSite","@id":"https:\/\/dein-lehrer.de\/#website","url":"https:\/\/dein-lehrer.de\/","name":"Your Tutor","description":"Tutoring, Translation, and Editing Services","publisher":{"@id":"https:\/\/dein-lehrer.de\/#organization"},"potentialAction":[{"@type":"SearchAction","target":{"@type":"EntryPoint","urlTemplate":"https:\/\/dein-lehrer.de\/?s={search_term_string}"},"query-input":{"@type":"PropertyValueSpecification","valueRequired":true,"valueName":"search_term_string"}}],"inLanguage":"en-GB"},{"@type":"Organization","@id":"https:\/\/dein-lehrer.de\/#organization","name":"Your Tutor","url":"https:\/\/dein-lehrer.de\/","logo":{"@type":"ImageObject","inLanguage":"en-GB","@id":"https:\/\/dein-lehrer.de\/#\/schema\/logo\/image\/","url":"https:\/\/dein-lehrer.de\/wp-content\/uploads\/2022\/01\/Dein-Lehrer_Dein-Lehrer_Ausbildung-Nachhilfe-Weiterbildung_Leipzig.png","contentUrl":"https:\/\/dein-lehrer.de\/wp-content\/uploads\/2022\/01\/Dein-Lehrer_Dein-Lehrer_Ausbildung-Nachhilfe-Weiterbildung_Leipzig.png","width":1884,"height":1299,"caption":"Dein Lehrer"},"image":{"@id":"https:\/\/dein-lehrer.de\/#\/schema\/logo\/image\/"}}]}},"jetpack_sharing_enabled":true,"_links":{"self":[{"href":"https:\/\/dein-lehrer.de\/en\/wp-json\/wp\/v2\/pages\/213","targetHints":{"allow":["GET"]}}],"collection":[{"href":"https:\/\/dein-lehrer.de\/en\/wp-json\/wp\/v2\/pages"}],"about":[{"href":"https:\/\/dein-lehrer.de\/en\/wp-json\/wp\/v2\/types\/page"}],"author":[{"embeddable":true,"href":"https:\/\/dein-lehrer.de\/en\/wp-json\/wp\/v2\/users\/1"}],"replies":[{"embeddable":true,"href":"https:\/\/dein-lehrer.de\/en\/wp-json\/wp\/v2\/comments?post=213"}],"version-history":[{"count":6,"href":"https:\/\/dein-lehrer.de\/en\/wp-json\/wp\/v2\/pages\/213\/revisions"}],"predecessor-version":[{"id":5748,"href":"https:\/\/dein-lehrer.de\/en\/wp-json\/wp\/v2\/pages\/213\/revisions\/5748"}],"wp:attachment":[{"href":"https:\/\/dein-lehrer.de\/en\/wp-json\/wp\/v2\/media?parent=213"}],"curies":[{"name":"wp","href":"https:\/\/api.w.org\/{rel}","templated":true}]}}