{"id":118,"date":"2021-07-30T20:14:09","date_gmt":"2021-07-30T18:14:09","guid":{"rendered":"https:\/\/anderiemeyer.wordpress.com\/?page_id=118"},"modified":"2023-04-01T10:14:37","modified_gmt":"2023-04-01T10:14:37","slug":"startseite","status":"publish","type":"page","link":"https:\/\/dein-lehrer.de\/en\/","title":{"rendered":"Welcome!"},"content":{"rendered":"\n<div class=\"wp-block-group alignfull\"><div class=\"wp-block-group__inner-container is-layout-flow wp-block-group-is-layout-flow\"><div class=\"wp-block-image\">\n<figure class=\"aligncenter size-full is-resized\"><img decoding=\"async\" src=\"https:\/\/dein-lehrer.de\/wp-content\/uploads\/2022\/01\/Dein-Lehrer_Dein-Lehrer_Ausbildung-Nachhilfe-Weiterbildung_Leipzig-2.png\" alt=\"\" class=\"wp-image-570\" width=\"179\" height=\"162\" srcset=\"https:\/\/dein-lehrer.de\/wp-content\/uploads\/2022\/01\/Dein-Lehrer_Dein-Lehrer_Ausbildung-Nachhilfe-Weiterbildung_Leipzig-2.png 1737w, https:\/\/dein-lehrer.de\/wp-content\/uploads\/2022\/01\/Dein-Lehrer_Dein-Lehrer_Ausbildung-Nachhilfe-Weiterbildung_Leipzig-2-768x696.png 768w, https:\/\/dein-lehrer.de\/wp-content\/uploads\/2022\/01\/Dein-Lehrer_Dein-Lehrer_Ausbildung-Nachhilfe-Weiterbildung_Leipzig-2-1536x1393.png 1536w, https:\/\/dein-lehrer.de\/wp-content\/uploads\/2022\/01\/Dein-Lehrer_Dein-Lehrer_Ausbildung-Nachhilfe-Weiterbildung_Leipzig-2-331x300.png 331w\" sizes=\"(max-width: 179px) 100vw, 179px\" \/><\/figure>\n<\/div>\n\n\n<div style=\"height:114px\" aria-hidden=\"true\" class=\"wp-block-spacer\"><\/div>\n\n\n\n<p class=\"has-normal-font-size\"><\/p>\n\n\n\n<div class=\"wp-block-columns is-layout-flex wp-container-core-columns-is-layout-9d6595d7 wp-block-columns-is-layout-flex\">\n<div class=\"wp-block-column is-layout-flow wp-block-column-is-layout-flow\" style=\"flex-basis:140%\">\n<div class=\"wp-block-columns is-layout-flex wp-container-core-columns-is-layout-9d6595d7 wp-block-columns-is-layout-flex\">\n<div class=\"wp-block-column is-layout-flow wp-block-column-is-layout-flow\" style=\"flex-basis:50%\">\n<p class=\"has-normal-font-size\">Mein Name ist Bastien Anderie-Meyer. In den letzten Jahren unterrichtete ich an der Universit\u00e4t Leipzig. Nun lehre ich Englisch in Ausbildungs-Betrieben, arbeite als Autor, Lektor und \u00dcbersetzer und erteile Nachhilfe. <div class=\"trp_language_switcher_shortcode\">\n<div class=\"trp-language-switcher trp-language-switcher-container\" data-no-translation >\n    <div class=\"trp-ls-shortcode-current-language\">\n        <a href=\"#\" class=\"trp-ls-shortcode-disabled-language trp-ls-disabled-language\" title=\"Deutsch\" onclick=\"event.preventDefault()\">\n\t\t\t<img decoding=\"async\" class=\"trp-flag-image\" src=\"https:\/\/dein-lehrer.de\/wp-content\/plugins\/translatepress-multilingual\/assets\/images\/flags\/de_DE.png\" width=\"18\" height=\"12\" alt=\"de_DE\" title=\"Deutsch\"> \t\t<\/a>\n    <\/div>\n    <div class=\"trp-ls-shortcode-language\">\n                    <a href=\"https:\/\/dein-lehrer.de\/en\/wp-json\/wp\/v2\/pages\/118#TRPLINKPROCESSED\" title=\"Deutsch\">\n            <img decoding=\"async\" class=\"trp-flag-image\" src=\"https:\/\/dein-lehrer.de\/wp-content\/plugins\/translatepress-multilingual\/assets\/images\/flags\/de_DE.png\" width=\"18\" height=\"12\" alt=\"de_DE\" title=\"Deutsch\">         <\/a>\n\n        <\/div>\n    <script type=\"application\/javascript\">\n        \/\/ need to have the same with set from JS on both divs. Otherwise it can push stuff around in HTML\n        var trp_ls_shortcodes = document.querySelectorAll('.trp_language_switcher_shortcode .trp-language-switcher');\n        if ( trp_ls_shortcodes.length > 0) {\n            \/\/ get the last language switcher added\n            var trp_el = trp_ls_shortcodes[trp_ls_shortcodes.length - 1];\n\n            var trp_shortcode_language_item = trp_el.querySelector( '.trp-ls-shortcode-language' )\n            \/\/ set width\n            var trp_ls_shortcode_width                                               = trp_shortcode_language_item.offsetWidth + 16;\n            trp_shortcode_language_item.style.width                                  = trp_ls_shortcode_width + 'px';\n            trp_el.querySelector( '.trp-ls-shortcode-current-language' ).style.width = trp_ls_shortcode_width + 'px';\n\n            \/\/ We're putting this on display: none after we have its width.\n            trp_shortcode_language_item.style.display = 'none';\n        }\n    <\/script>\n<\/div>\n<\/div><\/p>\n<\/div>\n\n\n\n<div class=\"wp-block-column is-layout-flow wp-block-column-is-layout-flow\">\n<figure class=\"wp-block-image size-large is-resized is-style-default\"><img fetchpriority=\"high\" decoding=\"async\" src=\"https:\/\/anderiemeyer.files.wordpress.com\/2021\/07\/am-nachhilfe_rahmen.png?w=1205\" alt=\"Bastien Anderie-Meyer - Dein Lehrer und Lektor in Leipzig.\" class=\"wp-image-200\" width=\"398\" height=\"294\" srcset=\"https:\/\/dein-lehrer.de\/wp-content\/uploads\/2021\/07\/am-nachhilfe_rahmen.png 1205w, https:\/\/dein-lehrer.de\/wp-content\/uploads\/2021\/07\/am-nachhilfe_rahmen-300x223.png 300w, https:\/\/dein-lehrer.de\/wp-content\/uploads\/2021\/07\/am-nachhilfe_rahmen-1024x760.png 1024w, https:\/\/dein-lehrer.de\/wp-content\/uploads\/2021\/07\/am-nachhilfe_rahmen-768x570.png 768w\" sizes=\"(max-width: 398px) 100vw, 398px\" \/><\/figure>\n<\/div>\n<\/div>\n<\/div>\n<\/div>\n\n\n\n<div style=\"height:71px\" aria-hidden=\"true\" class=\"wp-block-spacer\"><\/div>\n\n\n\n<div style=\"height:22px\" aria-hidden=\"true\" class=\"wp-block-spacer\"><\/div>\n\n\n\n<h2 class=\"wp-block-heading\">MEIN ANGEBOT<\/h2>\n\n\n\n<div style=\"height:24px\" aria-hidden=\"true\" class=\"wp-block-spacer\"><\/div>\n\n\n\n<div class=\"wp-block-group alignfull has-primary-color has-background-background-color has-text-color has-background\" style=\"padding-top:1px;padding-right:1px;padding-bottom:1px;padding-left:1px\"><div class=\"wp-block-group__inner-container is-layout-flow wp-block-group-is-layout-flow\">\n<div class=\"wp-block-columns alignwide is-layout-flex wp-container-core-columns-is-layout-9d6595d7 wp-block-columns-is-layout-flex\">\n<div class=\"wp-block-column is-layout-flow wp-block-column-is-layout-flow\">\n<figure class=\"wp-block-image size-large margin-bottom-half\"><img loading=\"lazy\" decoding=\"async\" width=\"1024\" height=\"717\" src=\"https:\/\/dein-lehrer.de\/wp-content\/uploads\/2021\/08\/schmalk-1024x717.jpg\" alt=\"\" class=\"wp-image-210\" srcset=\"https:\/\/dein-lehrer.de\/wp-content\/uploads\/2021\/08\/schmalk-1024x717.jpg 1024w, https:\/\/dein-lehrer.de\/wp-content\/uploads\/2021\/08\/schmalk-300x210.jpg 300w, https:\/\/dein-lehrer.de\/wp-content\/uploads\/2021\/08\/schmalk-768x538.jpg 768w, https:\/\/dein-lehrer.de\/wp-content\/uploads\/2021\/08\/schmalk.jpg 1400w\" sizes=\"(max-width: 1024px) 100vw, 1024px\" \/><\/figure>\n\n\n\n<p class=\"has-small-font-size\"><\/p>\n\n\n\n<p class=\"has-text-align-center\"><a href=\"https:\/\/dein-lehrer.de\/lehre-und-forschung\" target=\"_blank\" rel=\"noreferrer noopener\">Lehre und Forschung<\/a><\/p>\n<\/div>\n\n\n\n<div class=\"wp-block-column is-layout-flow wp-block-column-is-layout-flow\">\n<figure class=\"wp-block-image size-large margin-bottom-half\"><img loading=\"lazy\" decoding=\"async\" width=\"1400\" height=\"980\" src=\"https:\/\/anderiemeyer.files.wordpress.com\/2021\/07\/surakit-siksamat.jpg?w=1024\" alt=\"\" class=\"wp-image-181\" srcset=\"https:\/\/dein-lehrer.de\/wp-content\/uploads\/2021\/07\/surakit-siksamat.jpg 1400w, https:\/\/dein-lehrer.de\/wp-content\/uploads\/2021\/07\/surakit-siksamat-300x210.jpg 300w, https:\/\/dein-lehrer.de\/wp-content\/uploads\/2021\/07\/surakit-siksamat-1024x717.jpg 1024w, https:\/\/dein-lehrer.de\/wp-content\/uploads\/2021\/07\/surakit-siksamat-768x538.jpg 768w\" sizes=\"(max-width: 1400px) 100vw, 1400px\" \/><\/figure>\n\n\n\n<p class=\"has-small-font-size\"><\/p>\n\n\n\n<p class=\"has-text-align-center\"><a href=\"https:\/\/dein-lehrer.de\/unterricht-fuer-schueler-studenten-und-erwachsene\" target=\"_blank\" rel=\"noreferrer noopener\">Nachilfe f\u00fcr Sch\u00fcler, Studenten und Erwachsene<\/a><\/p>\n<\/div>\n\n\n\n<div class=\"wp-block-column is-layout-flow wp-block-column-is-layout-flow\">\n<figure class=\"wp-block-image size-large margin-bottom-half\"><img loading=\"lazy\" decoding=\"async\" width=\"1400\" height=\"980\" src=\"https:\/\/anderiemeyer.files.wordpress.com\/2021\/08\/noodledoodle_hell2.jpg?w=1400\" alt=\"\" class=\"wp-image-211\" srcset=\"https:\/\/dein-lehrer.de\/wp-content\/uploads\/2021\/08\/noodledoodle_hell2.jpg 1400w, https:\/\/dein-lehrer.de\/wp-content\/uploads\/2021\/08\/noodledoodle_hell2-300x210.jpg 300w, https:\/\/dein-lehrer.de\/wp-content\/uploads\/2021\/08\/noodledoodle_hell2-1024x717.jpg 1024w, https:\/\/dein-lehrer.de\/wp-content\/uploads\/2021\/08\/noodledoodle_hell2-768x538.jpg 768w\" sizes=\"(max-width: 1400px) 100vw, 1400px\" \/><\/figure>\n\n\n\n<p class=\"has-small-font-size\"><\/p>\n\n\n\n<p class=\"has-text-align-center\"><a href=\"https:\/\/dein-lehrer.de\/korrekturlektorat-und-uebersetzung\" target=\"_blank\" rel=\"noreferrer noopener\">Korrekturlektorat und \u00dcbersetzung<\/a><\/p>\n<\/div>\n<\/div>\n\n\n\n<div class=\"wp-block-columns is-layout-flex wp-container-core-columns-is-layout-9d6595d7 wp-block-columns-is-layout-flex\">\n<div class=\"wp-block-column is-layout-flow wp-block-column-is-layout-flow\">\n<figure class=\"wp-block-image size-full\"><img loading=\"lazy\" decoding=\"async\" width=\"1400\" height=\"980\" src=\"https:\/\/dein-lehrer.de\/wp-content\/uploads\/2022\/11\/Rohmaterial_BG_Lernen_Buch_Schreibwerkstatt_Vecteezy.com_gelb.png\" alt=\"\" class=\"wp-image-1063\" srcset=\"https:\/\/dein-lehrer.de\/wp-content\/uploads\/2022\/11\/Rohmaterial_BG_Lernen_Buch_Schreibwerkstatt_Vecteezy.com_gelb.png 1400w, https:\/\/dein-lehrer.de\/wp-content\/uploads\/2022\/11\/Rohmaterial_BG_Lernen_Buch_Schreibwerkstatt_Vecteezy.com_gelb-768x538.png 768w, https:\/\/dein-lehrer.de\/wp-content\/uploads\/2022\/11\/Rohmaterial_BG_Lernen_Buch_Schreibwerkstatt_Vecteezy.com_gelb-429x300.png 429w\" sizes=\"(max-width: 1400px) 100vw, 1400px\" \/><\/figure>\n\n\n\n<p class=\"has-small-font-size\"><\/p>\n\n\n\n<p class=\"has-text-align-center\"><a href=\"https:\/\/dein-lehrer.de\/schreibwerkstatt-fuer-schulklassen\" target=\"_blank\" rel=\"noreferrer noopener\">Schreibwerkstatt f\u00fcr Schulklassen<\/a><\/p>\n<\/div>\n\n\n\n<div class=\"wp-block-column is-layout-flow wp-block-column-is-layout-flow\">\n<figure class=\"wp-block-image size-full\"><img loading=\"lazy\" decoding=\"async\" width=\"1400\" height=\"980\" src=\"https:\/\/dein-lehrer.de\/wp-content\/uploads\/2022\/11\/Rohmaterial_BG_Lernen_Editing-Tablet_Vecteezy.com_VecorboxStudio_hell-3.png\" alt=\"\" class=\"wp-image-1062\" srcset=\"https:\/\/dein-lehrer.de\/wp-content\/uploads\/2022\/11\/Rohmaterial_BG_Lernen_Editing-Tablet_Vecteezy.com_VecorboxStudio_hell-3.png 1400w, https:\/\/dein-lehrer.de\/wp-content\/uploads\/2022\/11\/Rohmaterial_BG_Lernen_Editing-Tablet_Vecteezy.com_VecorboxStudio_hell-3-768x538.png 768w, https:\/\/dein-lehrer.de\/wp-content\/uploads\/2022\/11\/Rohmaterial_BG_Lernen_Editing-Tablet_Vecteezy.com_VecorboxStudio_hell-3-429x300.png 429w\" sizes=\"(max-width: 1400px) 100vw, 1400px\" \/><\/figure>\n\n\n\n<p class=\"has-small-font-size\"><\/p>\n\n\n\n<p class=\"has-text-align-center\"><a href=\"https:\/\/dein-lehrer.de\/akademisches-lektorat-fur-abschlussarbeiten\" target=\"_blank\" rel=\"noreferrer noopener\">Akademisches Lektorat f\u00fcr Abschlussarbeiten<\/a><\/p>\n<\/div>\n\n\n\n<div class=\"wp-block-column is-layout-flow wp-block-column-is-layout-flow\">\n<figure class=\"wp-block-image size-full\"><img loading=\"lazy\" decoding=\"async\" width=\"1400\" height=\"980\" src=\"https:\/\/dein-lehrer.de\/wp-content\/uploads\/2022\/11\/Rohmaterial_BG_Lernen_Buch-Uebersetzen_Vecteezy.com_noodledoodle_Englisch.png\" alt=\"\" class=\"wp-image-1055\" srcset=\"https:\/\/dein-lehrer.de\/wp-content\/uploads\/2022\/11\/Rohmaterial_BG_Lernen_Buch-Uebersetzen_Vecteezy.com_noodledoodle_Englisch.png 1400w, https:\/\/dein-lehrer.de\/wp-content\/uploads\/2022\/11\/Rohmaterial_BG_Lernen_Buch-Uebersetzen_Vecteezy.com_noodledoodle_Englisch-768x538.png 768w, https:\/\/dein-lehrer.de\/wp-content\/uploads\/2022\/11\/Rohmaterial_BG_Lernen_Buch-Uebersetzen_Vecteezy.com_noodledoodle_Englisch-429x300.png 429w\" sizes=\"(max-width: 1400px) 100vw, 1400px\" \/><\/figure>\n\n\n\n<p class=\"has-small-font-size\"><\/p>\n\n\n\n<p class=\"has-text-align-center\"><a href=\"https:\/\/dein-lehrer.de\/proofreading-editing-translation\" target=\"_blank\" rel=\"noreferrer noopener\">Proofreading, Editing and Translation (EN)<\/a> <\/p>\n<\/div>\n<\/div>\n\n\n\n<div style=\"height:117px\" aria-hidden=\"true\" class=\"wp-block-spacer\"><\/div>\n\n\n\n<p class=\"has-black-color has-text-color\">DEIN LEHRER UNTERST\u00dcTZT<\/p>\n\n\n\n<div class=\"wp-block-columns is-layout-flex wp-container-core-columns-is-layout-9d6595d7 wp-block-columns-is-layout-flex\">\n<div class=\"wp-block-column is-layout-flow wp-block-column-is-layout-flow\">\n<p class=\"has-text-align-center has-small-font-size\">den F\u00f6rderverein f\u00fcr <br> Jugend und Sozialarbeit<\/p>\n\n\n<div class=\"wp-block-image\">\n<figure class=\"aligncenter size-full is-resized\"><img loading=\"lazy\" decoding=\"async\" src=\"https:\/\/dein-lehrer.de\/wp-content\/uploads\/2023\/03\/FJS_Foerderverein-fuer-Jugend-und-Sozialarbeit_Logo.png\" alt=\"\" class=\"wp-image-1636\" width=\"103\" height=\"98\" srcset=\"https:\/\/dein-lehrer.de\/wp-content\/uploads\/2023\/03\/FJS_Foerderverein-fuer-Jugend-und-Sozialarbeit_Logo.png 141w, https:\/\/dein-lehrer.de\/wp-content\/uploads\/2023\/03\/FJS_Foerderverein-fuer-Jugend-und-Sozialarbeit_Logo-13x12.png 13w\" sizes=\"(max-width: 103px) 100vw, 103px\" \/><\/figure>\n<\/div><\/div>\n\n\n\n<div class=\"wp-block-column is-layout-flow wp-block-column-is-layout-flow\">\n<p class=\"has-small-font-size\"><\/p>\n\n\n\n<p class=\"has-text-align-center\"><\/p>\n<\/div>\n\n\n\n<div class=\"wp-block-column is-layout-flow wp-block-column-is-layout-flow\">\n<p class=\"has-small-font-size\"><\/p>\n\n\n\n<p class=\"has-text-align-center\"><\/p>\n<\/div>\n<\/div>\n<\/div><\/div>\n<\/div><\/div>\n","protected":false},"excerpt":{"rendered":"<p>Mein Name ist Bastien Anderie-Meyer. In den letzten Jahren unterrichtete ich an der Universit\u00e4t Leipzig. Nun lehre ich Englisch in Ausbildungs-Betrieben, arbeite als Autor, Lektor und \u00dcbersetzer und erteile Nachhilfe. MEIN ANGEBOT Lehre und Forschung Nachilfe f\u00fcr Sch\u00fcler, Studenten und Erwachsene Korrekturlektorat und \u00dcbersetzung Schreibwerkstatt f\u00fcr Schulklassen Akademisches Lektorat f\u00fcr Abschlussarbeiten Proofreading, Editing and Translation&#8230; <\/p>\n<div class=\"link-more\"><a href=\"https:\/\/dein-lehrer.de\/en\/\">Read More<\/a><\/div>","protected":false},"author":1,"featured_media":0,"parent":0,"menu_order":0,"comment_status":"closed","ping_status":"closed","template":"","meta":{"footnotes":""},"class_list":["post-118","page","type-page","status-publish","hentry"],"yoast_head":"<!-- This site is optimized with the Yoast SEO plugin v27.3 - https:\/\/yoast.com\/product\/yoast-seo-wordpress\/ -->\n<title>Dein Lehrer - Akad. Lektorat, Sprachkurse und Nachhilfe-Unterricht<\/title>\n<meta name=\"description\" content=\"Qualifizierte Sprachkurse und Nachhilfe-Unterricht f\u00fcr Sch\u00fcler, Studenten, und Erwachsene in Leipzig. \u00dcbersetzung u. akademisches Lektorat.\" \/>\n<meta name=\"robots\" content=\"index, follow, max-snippet:-1, max-image-preview:large, max-video-preview:-1\" \/>\n<link rel=\"canonical\" href=\"https:\/\/dein-lehrer.de\/en\/\" \/>\n<meta property=\"og:locale\" content=\"en_GB\" \/>\n<meta property=\"og:type\" content=\"article\" \/>\n<meta property=\"og:title\" content=\"Dein Lehrer - Akad. Lektorat, Sprachkurse und Nachhilfe-Unterricht\" \/>\n<meta property=\"og:description\" content=\"Qualifizierte Sprachkurse und Nachhilfe-Unterricht f\u00fcr Sch\u00fcler, Studenten, und Erwachsene in Leipzig. \u00dcbersetzung u. akademisches Lektorat.\" \/>\n<meta property=\"og:url\" content=\"https:\/\/dein-lehrer.de\/en\/\" \/>\n<meta property=\"og:site_name\" content=\"Dein Lehrer\" \/>\n<meta property=\"article:modified_time\" content=\"2023-04-01T10:14:37+00:00\" \/>\n<meta property=\"og:image\" content=\"https:\/\/dein-lehrer.de\/wp-content\/uploads\/2022\/01\/Dein-Lehrer_Dein-Lehrer_Ausbildung-Nachhilfe-Weiterbildung_Leipzig-2.png\" \/>\n<meta name=\"twitter:card\" content=\"summary_large_image\" \/>\n<meta name=\"twitter:label1\" content=\"Estimated reading time\" \/>\n\t<meta name=\"twitter:data1\" content=\"3 minutes\" \/>\n<script type=\"application\/ld+json\" class=\"yoast-schema-graph\">{\"@context\":\"https:\\\/\\\/schema.org\",\"@graph\":[{\"@type\":\"WebPage\",\"@id\":\"https:\\\/\\\/dein-lehrer.de\\\/\",\"url\":\"https:\\\/\\\/dein-lehrer.de\\\/\",\"name\":\"Dein Lehrer - Akad. Lektorat, Sprachkurse und Nachhilfe-Unterricht\",\"isPartOf\":{\"@id\":\"https:\\\/\\\/dein-lehrer.de\\\/#website\"},\"primaryImageOfPage\":{\"@id\":\"https:\\\/\\\/dein-lehrer.de\\\/#primaryimage\"},\"image\":{\"@id\":\"https:\\\/\\\/dein-lehrer.de\\\/#primaryimage\"},\"thumbnailUrl\":\"https:\\\/\\\/dein-lehrer.de\\\/wp-content\\\/uploads\\\/2022\\\/01\\\/Dein-Lehrer_Dein-Lehrer_Ausbildung-Nachhilfe-Weiterbildung_Leipzig-2.png\",\"datePublished\":\"2021-07-30T18:14:09+00:00\",\"dateModified\":\"2023-04-01T10:14:37+00:00\",\"description\":\"Qualifizierte Sprachkurse und Nachhilfe-Unterricht f\u00fcr Sch\u00fcler, Studenten, und Erwachsene in Leipzig. \u00dcbersetzung u. akademisches Lektorat.\",\"breadcrumb\":{\"@id\":\"https:\\\/\\\/dein-lehrer.de\\\/#breadcrumb\"},\"inLanguage\":\"en-GB\",\"potentialAction\":[{\"@type\":\"ReadAction\",\"target\":[\"https:\\\/\\\/dein-lehrer.de\\\/\"]}]},{\"@type\":\"ImageObject\",\"inLanguage\":\"en-GB\",\"@id\":\"https:\\\/\\\/dein-lehrer.de\\\/#primaryimage\",\"url\":\"https:\\\/\\\/dein-lehrer.de\\\/wp-content\\\/uploads\\\/2022\\\/01\\\/Dein-Lehrer_Dein-Lehrer_Ausbildung-Nachhilfe-Weiterbildung_Leipzig-2.png\",\"contentUrl\":\"https:\\\/\\\/dein-lehrer.de\\\/wp-content\\\/uploads\\\/2022\\\/01\\\/Dein-Lehrer_Dein-Lehrer_Ausbildung-Nachhilfe-Weiterbildung_Leipzig-2.png\"},{\"@type\":\"BreadcrumbList\",\"@id\":\"https:\\\/\\\/dein-lehrer.de\\\/#breadcrumb\",\"itemListElement\":[{\"@type\":\"ListItem\",\"position\":1,\"name\":\"Startseite\",\"item\":\"https:\\\/\\\/dein-lehrer.de\\\/\"},{\"@type\":\"ListItem\",\"position\":2,\"name\":\"Willkommen!\"}]},{\"@type\":\"WebSite\",\"@id\":\"https:\\\/\\\/dein-lehrer.de\\\/#website\",\"url\":\"https:\\\/\\\/dein-lehrer.de\\\/\",\"name\":\"Dein Lehrer\",\"description\":\"Lektorat und Lehre\",\"publisher\":{\"@id\":\"https:\\\/\\\/dein-lehrer.de\\\/#organization\"},\"potentialAction\":[{\"@type\":\"SearchAction\",\"target\":{\"@type\":\"EntryPoint\",\"urlTemplate\":\"https:\\\/\\\/dein-lehrer.de\\\/?s={search_term_string}\"},\"query-input\":{\"@type\":\"PropertyValueSpecification\",\"valueRequired\":true,\"valueName\":\"search_term_string\"}}],\"inLanguage\":\"en-GB\"},{\"@type\":\"Organization\",\"@id\":\"https:\\\/\\\/dein-lehrer.de\\\/#organization\",\"name\":\"Dein Lehrer\",\"url\":\"https:\\\/\\\/dein-lehrer.de\\\/\",\"logo\":{\"@type\":\"ImageObject\",\"inLanguage\":\"en-GB\",\"@id\":\"https:\\\/\\\/dein-lehrer.de\\\/#\\\/schema\\\/logo\\\/image\\\/\",\"url\":\"https:\\\/\\\/dein-lehrer.de\\\/wp-content\\\/uploads\\\/2022\\\/01\\\/Dein-Lehrer_Dein-Lehrer_Ausbildung-Nachhilfe-Weiterbildung_Leipzig.png\",\"contentUrl\":\"https:\\\/\\\/dein-lehrer.de\\\/wp-content\\\/uploads\\\/2022\\\/01\\\/Dein-Lehrer_Dein-Lehrer_Ausbildung-Nachhilfe-Weiterbildung_Leipzig.png\",\"width\":1884,\"height\":1299,\"caption\":\"Dein Lehrer\"},\"image\":{\"@id\":\"https:\\\/\\\/dein-lehrer.de\\\/#\\\/schema\\\/logo\\\/image\\\/\"}}]}<\/script>\n<!-- \/ Yoast SEO plugin. -->","yoast_head_json":{"title":"Dein Lehrer - Akad. Lektorat, Sprachkurse und Nachhilfe-Unterricht","description":"Qualifizierte Sprachkurse und Nachhilfe-Unterricht f\u00fcr Sch\u00fcler, Studenten, und Erwachsene in Leipzig. \u00dcbersetzung u. akademisches Lektorat.","robots":{"index":"index","follow":"follow","max-snippet":"max-snippet:-1","max-image-preview":"max-image-preview:large","max-video-preview":"max-video-preview:-1"},"canonical":"https:\/\/dein-lehrer.de\/en\/","og_locale":"en_GB","og_type":"article","og_title":"Dein Lehrer - Akad. Lektorat, Sprachkurse und Nachhilfe-Unterricht","og_description":"Qualifizierte Sprachkurse und Nachhilfe-Unterricht f\u00fcr Sch\u00fcler, Studenten, und Erwachsene in Leipzig. \u00dcbersetzung u. akademisches Lektorat.","og_url":"https:\/\/dein-lehrer.de\/en\/","og_site_name":"Dein Lehrer","article_modified_time":"2023-04-01T10:14:37+00:00","og_image":[{"url":"https:\/\/dein-lehrer.de\/wp-content\/uploads\/2022\/01\/Dein-Lehrer_Dein-Lehrer_Ausbildung-Nachhilfe-Weiterbildung_Leipzig-2.png","type":"","width":"","height":""}],"twitter_card":"summary_large_image","twitter_misc":{"Estimated reading time":"3 minutes"},"schema":{"@context":"https:\/\/schema.org","@graph":[{"@type":"WebPage","@id":"https:\/\/dein-lehrer.de\/","url":"https:\/\/dein-lehrer.de\/","name":"Dein Lehrer - Akad. Lektorat, Sprachkurse und Nachhilfe-Unterricht","isPartOf":{"@id":"https:\/\/dein-lehrer.de\/#website"},"primaryImageOfPage":{"@id":"https:\/\/dein-lehrer.de\/#primaryimage"},"image":{"@id":"https:\/\/dein-lehrer.de\/#primaryimage"},"thumbnailUrl":"https:\/\/dein-lehrer.de\/wp-content\/uploads\/2022\/01\/Dein-Lehrer_Dein-Lehrer_Ausbildung-Nachhilfe-Weiterbildung_Leipzig-2.png","datePublished":"2021-07-30T18:14:09+00:00","dateModified":"2023-04-01T10:14:37+00:00","description":"Qualifizierte Sprachkurse und Nachhilfe-Unterricht f\u00fcr Sch\u00fcler, Studenten, und Erwachsene in Leipzig. \u00dcbersetzung u. akademisches Lektorat.","breadcrumb":{"@id":"https:\/\/dein-lehrer.de\/#breadcrumb"},"inLanguage":"en-GB","potentialAction":[{"@type":"ReadAction","target":["https:\/\/dein-lehrer.de\/"]}]},{"@type":"ImageObject","inLanguage":"en-GB","@id":"https:\/\/dein-lehrer.de\/#primaryimage","url":"https:\/\/dein-lehrer.de\/wp-content\/uploads\/2022\/01\/Dein-Lehrer_Dein-Lehrer_Ausbildung-Nachhilfe-Weiterbildung_Leipzig-2.png","contentUrl":"https:\/\/dein-lehrer.de\/wp-content\/uploads\/2022\/01\/Dein-Lehrer_Dein-Lehrer_Ausbildung-Nachhilfe-Weiterbildung_Leipzig-2.png"},{"@type":"BreadcrumbList","@id":"https:\/\/dein-lehrer.de\/#breadcrumb","itemListElement":[{"@type":"ListItem","position":1,"name":"Startseite","item":"https:\/\/dein-lehrer.de\/"},{"@type":"ListItem","position":2,"name":"Willkommen!"}]},{"@type":"WebSite","@id":"https:\/\/dein-lehrer.de\/#website","url":"https:\/\/dein-lehrer.de\/","name":"Your Tutor","description":"Tutoring, Translation, and Editing Services","publisher":{"@id":"https:\/\/dein-lehrer.de\/#organization"},"potentialAction":[{"@type":"SearchAction","target":{"@type":"EntryPoint","urlTemplate":"https:\/\/dein-lehrer.de\/?s={search_term_string}"},"query-input":{"@type":"PropertyValueSpecification","valueRequired":true,"valueName":"search_term_string"}}],"inLanguage":"en-GB"},{"@type":"Organization","@id":"https:\/\/dein-lehrer.de\/#organization","name":"Your Tutor","url":"https:\/\/dein-lehrer.de\/","logo":{"@type":"ImageObject","inLanguage":"en-GB","@id":"https:\/\/dein-lehrer.de\/#\/schema\/logo\/image\/","url":"https:\/\/dein-lehrer.de\/wp-content\/uploads\/2022\/01\/Dein-Lehrer_Dein-Lehrer_Ausbildung-Nachhilfe-Weiterbildung_Leipzig.png","contentUrl":"https:\/\/dein-lehrer.de\/wp-content\/uploads\/2022\/01\/Dein-Lehrer_Dein-Lehrer_Ausbildung-Nachhilfe-Weiterbildung_Leipzig.png","width":1884,"height":1299,"caption":"Dein Lehrer"},"image":{"@id":"https:\/\/dein-lehrer.de\/#\/schema\/logo\/image\/"}}]}},"jetpack_sharing_enabled":true,"_links":{"self":[{"href":"https:\/\/dein-lehrer.de\/en\/wp-json\/wp\/v2\/pages\/118","targetHints":{"allow":["GET"]}}],"collection":[{"href":"https:\/\/dein-lehrer.de\/en\/wp-json\/wp\/v2\/pages"}],"about":[{"href":"https:\/\/dein-lehrer.de\/en\/wp-json\/wp\/v2\/types\/page"}],"author":[{"embeddable":true,"href":"https:\/\/dein-lehrer.de\/en\/wp-json\/wp\/v2\/users\/1"}],"replies":[{"embeddable":true,"href":"https:\/\/dein-lehrer.de\/en\/wp-json\/wp\/v2\/comments?post=118"}],"version-history":[{"count":42,"href":"https:\/\/dein-lehrer.de\/en\/wp-json\/wp\/v2\/pages\/118\/revisions"}],"predecessor-version":[{"id":5606,"href":"https:\/\/dein-lehrer.de\/en\/wp-json\/wp\/v2\/pages\/118\/revisions\/5606"}],"wp:attachment":[{"href":"https:\/\/dein-lehrer.de\/en\/wp-json\/wp\/v2\/media?parent=118"}],"curies":[{"name":"wp","href":"https:\/\/api.w.org\/{rel}","templated":true}]}}